{"id":1652,"date":"2023-11-29T02:42:23","date_gmt":"2023-11-29T01:42:23","guid":{"rendered":"https:\/\/lenidioma.es\/inscription-au-cours\/"},"modified":"2024-01-15T02:33:56","modified_gmt":"2024-01-15T01:33:56","slug":"inscription-au-cours","status":"publish","type":"page","link":"https:\/\/lenidioma.es\/fr\/inscription-au-cours\/","title":{"rendered":"Inscription au cours"},"content":{"rendered":"<section class=\"l-section wpb_row height_medium\"><div class=\"l-section-h i-cf\"><div class=\"g-cols vc_row via_flex valign_top type_default stacking_default\"><div class=\"vc_col-sm-12 wpb_column vc_column_container\"><div class=\"vc_column-inner\"><div class=\"wpb_wrapper\"><h1 class=\"w-post-elm post_title align_center entry-title color_link_inherit\">Inscription au cours<\/h1><\/div><\/div><\/div><\/div><\/div><\/section><section class=\"l-section wpb_row height_medium\"><div class=\"l-section-h i-cf\"><div class=\"g-cols vc_row via_flex valign_top type_default stacking_default\"><div class=\"vc_col-sm-12 wpb_column vc_column_container\"><div class=\"vc_column-inner\"><div class=\"wpb_wrapper\"><div class=\"wpb_text_column\"><div class=\"wpb_wrapper\"><p>Inscription et informations sur les cours (dans le menu de la liste d\u00e9roulante tu trouveras les diff\u00e9rents cours, les horaires ne comprennent pas les jours f\u00e9ri\u00e9s). Une fois que tu t&rsquo;es inscrit, je t&rsquo;enverrai un e-mail avec toutes les informations n\u00e9cessaires pour formaliser ton inscription. Les cours n&rsquo;auront lieu qu&rsquo;avec un minimum de 3 et un maximum de 5 \u00e9tudiants.<\/p>\n<\/div><\/div><div class=\"w-separator size_small\"><\/div><script>\nvar gform;gform||(document.addEventListener(\"gform_main_scripts_loaded\",function(){gform.scriptsLoaded=!0}),document.addEventListener(\"gform\/theme\/scripts_loaded\",function(){gform.themeScriptsLoaded=!0}),window.addEventListener(\"DOMContentLoaded\",function(){gform.domLoaded=!0}),gform={domLoaded:!1,scriptsLoaded:!1,themeScriptsLoaded:!1,isFormEditor:()=>\"function\"==typeof InitializeEditor,callIfLoaded:function(o){return!(!gform.domLoaded||!gform.scriptsLoaded||!gform.themeScriptsLoaded&&!gform.isFormEditor()||(gform.isFormEditor()&&console.warn(\"The use of gform.initializeOnLoaded() is deprecated in the form editor context and will be removed in Gravity Forms 3.1.\"),o(),0))},initializeOnLoaded:function(o){gform.callIfLoaded(o)||(document.addEventListener(\"gform_main_scripts_loaded\",()=>{gform.scriptsLoaded=!0,gform.callIfLoaded(o)}),document.addEventListener(\"gform\/theme\/scripts_loaded\",()=>{gform.themeScriptsLoaded=!0,gform.callIfLoaded(o)}),window.addEventListener(\"DOMContentLoaded\",()=>{gform.domLoaded=!0,gform.callIfLoaded(o)}))},hooks:{action:{},filter:{}},addAction:function(o,r,e,t){gform.addHook(\"action\",o,r,e,t)},addFilter:function(o,r,e,t){gform.addHook(\"filter\",o,r,e,t)},doAction:function(o){gform.doHook(\"action\",o,arguments)},applyFilters:function(o){return gform.doHook(\"filter\",o,arguments)},removeAction:function(o,r){gform.removeHook(\"action\",o,r)},removeFilter:function(o,r,e){gform.removeHook(\"filter\",o,r,e)},addHook:function(o,r,e,t,n){null==gform.hooks[o][r]&&(gform.hooks[o][r]=[]);var d=gform.hooks[o][r];null==n&&(n=r+\"_\"+d.length),gform.hooks[o][r].push({tag:n,callable:e,priority:t=null==t?10:t})},doHook:function(r,o,e){var t;if(e=Array.prototype.slice.call(e,1),null!=gform.hooks[r][o]&&((o=gform.hooks[r][o]).sort(function(o,r){return o.priority-r.priority}),o.forEach(function(o){\"function\"!=typeof(t=o.callable)&&(t=window[t]),\"action\"==r?t.apply(null,e):e[0]=t.apply(null,e)})),\"filter\"==r)return e[0]},removeHook:function(o,r,t,n){var e;null!=gform.hooks[o][r]&&(e=(e=gform.hooks[o][r]).filter(function(o,r,e){return!!(null!=n&&n!=o.tag||null!=t&&t!=o.priority)}),gform.hooks[o][r]=e)}});\n<\/script>\n\n                <div class='gf_browser_gecko gform_wrapper gravity-theme gform-theme--no-framework' data-form-theme='gravity-theme' data-form-index='0' id='gform_wrapper_10' ><div id='gf_10' class='gform_anchor' tabindex='-1'><\/div>\n                        <div class='gform_heading'>\n\t\t\t\t\t\t\t<p class='gform_required_legend'>&quot;<span class=\"gfield_required gfield_required_asterisk\">*<\/span>&quot; indique les champs obligatoires<\/p>\n                        <\/div><form method='post' enctype='multipart\/form-data' target='gform_ajax_frame_10' id='gform_10'  action='\/fr\/wp-json\/wp\/v2\/pages\/1652#gf_10' data-formid='10' novalidate>\n                        <div class='gform-body gform_body'><div id='gform_fields_10' class='gform_fields top_label form_sublabel_above description_below validation_below'><fieldset id=\"field_10_1\" class=\"gfield gfield--type-name gfield--input-type-name gfield_contains_required field_sublabel_hidden_label gfield--no-description field_description_below field_validation_below gfield_visibility_visible\"  ><legend class='gfield_label gform-field-label gfield_label_before_complex' >Nom \/ Pr\u00e9nom<span class=\"gfield_required\"><span class=\"gfield_required gfield_required_asterisk\">*<\/span><\/span><\/legend><div class='ginput_complex ginput_container ginput_container--name no_prefix has_first_name no_middle_name has_last_name no_suffix gf_name_has_2 ginput_container_name gform-grid-row' id='input_10_1'>\n                            \n                            <span id='input_10_1_3_container' class='name_first gform-grid-col gform-grid-col--size-auto' >\n                                                    <input type='text' name='input_1.3' id='input_10_1_3' value=''   aria-required='true'    autocomplete=\"given-name\" \/>\n                                                    <label for='input_10_1_3' class='gform-field-label gform-field-label--type-sub hidden_sub_label screen-reader-text'>Pr\u00e9nom<\/label>\n                                                <\/span>\n                            \n                            <span id='input_10_1_6_container' class='name_last gform-grid-col gform-grid-col--size-auto' >\n                                                    <input type='text' name='input_1.6' id='input_10_1_6' value=''   aria-required='true'    autocomplete=\"family-name\" \/>\n                                                    <label for='input_10_1_6' class='gform-field-label gform-field-label--type-sub hidden_sub_label screen-reader-text'>Nom<\/label>\n                                                <\/span>\n                            \n                        <\/div><\/fieldset><div id=\"field_10_2\" class=\"gfield gfield--type-email gfield--input-type-email gfield--width-full gfield_contains_required field_sublabel_hidden_label gfield--no-description field_description_below field_validation_below gfield_visibility_visible\"  ><label class='gfield_label gform-field-label' for='input_10_2'>E-Mail<span class=\"gfield_required\"><span class=\"gfield_required gfield_required_asterisk\">*<\/span><\/span><\/label><div class='ginput_container ginput_container_email'>\n                            <input name='input_2' id='input_10_2' type='email' value='' class='large'    aria-required=\"true\" aria-invalid=\"false\"  autocomplete=\"email\"\/>\n                        <\/div><\/div><div id=\"field_10_13\" class=\"gfield gfield--type-select gfield--input-type-select field_sublabel_above gfield--no-description field_description_below field_validation_below gfield_visibility_visible\"  ><label class='gfield_label gform-field-label' for='input_10_13'>Cours<\/label><div class='ginput_container ginput_container_select'><select name='input_13' id='input_10_13' class='medium gfield_select'     aria-invalid=\"false\" ><option value='1692' selected='selected'>A1.1, Cours semi-intensifs En ligne, D\u00e9but du cours 04.03.2024<\/option><option value='1693' >A1.2, Cours semi-intensifs En ligne, D\u00e9but du cours 18.03.2024<\/option><option value='1694' >A2.1, Cours semi-intensifs En ligne, D\u00e9but du cours 08.04.2024<\/option><option value='1695' >A2.2, Cours semi-intensifs En ligne, D\u00e9but du cours 22.04.2024<\/option><option value='1696' >A1.1, Cours semi-intensifs \u00e0 Majorque, D\u00e9but du cours 06.05.2024<\/option><option value='1697' >A1.2, Cours semi-intensifs \u00e0 Majorque, D\u00e9but du cours 20.05.2024<\/option><option value='1698' >A2.1, Cours semi-intensifs \u00e0 Majorque, D\u00e9but du cours 03.06.2024<\/option><option value='1699' >A2.2, Cours semi-intensifs \u00e0 Majorque, D\u00e9but du cours 17.06.2024<\/option><option value='1700' >Let&#039;s talk, Pr\u00e9sentiel \u00e0 Majorque, D\u00e9but du cours 05.02.2024<\/option><option value='1705' >A1.1, Pr\u00e9sentiel \u00e0 Majorque, D\u00e9but du cours 05.03.2024<\/option><option value='1706' >A2.1, Pr\u00e9sentiel \u00e0 Majorque, D\u00e9but du cours 09.04.2024<\/option><option value='1703' >A1.1, Pr\u00e9sentiel \u00e0 Majorque, D\u00e9but du cours 30.09.2024 10:30<\/option><option value='1704' >A2.1, Pr\u00e9sentiel \u00e0 Majorque, D\u00e9but du cours 30.09.2024 12:00<\/option><option value='1707' >A1.1, Cours intensifs d\u2018\u00e9t\u00e9 \u00e0 Majorque, D\u00e9but du cours 01.07.2024<\/option><option value='1708' >A1.2, Cours intensifs d\u2018\u00e9t\u00e9 \u00e0 Majorque, D\u00e9but du cours 15.07.2024<\/option><option value='1709' >A1.1, Cours intensifs d\u2018\u00e9t\u00e9 \u00e0 Majorque, D\u00e9but du cours 02.09.2024<\/option><option value='1710' >A1.2, Cours intensifs d\u2018\u00e9t\u00e9 \u00e0 Majorque, D\u00e9but du cours 16.09.2024<\/option><\/select><\/div><\/div><div id=\"field_10_8\" class=\"gfield gfield--type-textarea gfield--input-type-textarea gfield--width-full field_sublabel_above gfield--has-description field_description_above field_validation_below gfield_visibility_visible\"  ><label class='gfield_label gform-field-label' for='input_10_8'>Ton message<\/label><div class='gfield_description' id='gfield_description_10_8'>Est-ce que tu as des questions ?<\/div><div class='ginput_container ginput_container_textarea'><textarea name='input_8' id='input_10_8' class='textarea small'  aria-describedby=\"gfield_description_10_8\"    aria-invalid=\"false\"   rows='10' cols='50'><\/textarea><\/div><\/div><div id=\"field_10_15\" class=\"gfield gfield--type-captcha gfield--input-type-captcha gfield--width-full field_sublabel_above gfield--no-description field_description_below hidden_label field_validation_below gfield_visibility_visible\"  ><label class='gfield_label gform-field-label' for='input_10_15'>CAPTCHA<\/label><div id='input_10_15' class='ginput_container ginput_recaptcha' data-sitekey='6LcI8-YmAAAAAEgSroqV5I0I_nr_VpSePMjCH9en'  data-theme='light' data-tabindex='-1' data-size='invisible' data-badge='bottomright'><\/div><\/div><div id=\"field_10_14\" class=\"gfield gfield--type-html gfield--input-type-html gfield--width-full gfield_html gfield_html_formatted gfield_no_follows_desc field_sublabel_above gfield--no-description field_description_below field_validation_below gfield_visibility_visible\"  >Ce site est prot\u00e9g\u00e9 par reCAPTCHA et s'appliquent les <a href=\"https:\/\/policies.google.com\/privacy?hl=fr\">Politique de confidentialit\u00e9<\/a> et <a href=\"https:\/\/policies.google.com\/terms?hl=fr\">Conditions d'utilisation<\/a> de Google.<\/div><div id=\"field_10_16\" class=\"gfield gfield--type-hidden gfield--input-type-hidden gfield--width-full gform_hidden field_sublabel_above gfield--no-description field_description_below field_validation_below gfield_visibility_visible\"  ><div class='ginput_container ginput_container_text'><input name='input_16' id='input_10_16' type='hidden' class='gform_hidden'  aria-invalid=\"false\" value='lang' \/><\/div><\/div><div id=\"field_10_17\" class=\"gfield gfield--type-hidden gfield--input-type-hidden gfield--width-full gform_hidden field_sublabel_above gfield--no-description field_description_below field_validation_below gfield_visibility_visible\"  ><div class='ginput_container ginput_container_text'><input name='input_17' id='input_10_17' type='hidden' class='gform_hidden'  aria-invalid=\"false\" value='' \/><\/div><\/div><fieldset id=\"field_10_18\" class=\"gfield gfield--type-consent gfield--type-choice gfield--input-type-consent gfield--width-full gfield_contains_required field_sublabel_above gfield--no-description field_description_below hidden_label field_validation_below gfield_visibility_visible\"  ><legend class='gfield_label gform-field-label gfield_label_before_complex' >Consent<span class=\"gfield_required\"><span class=\"gfield_required gfield_required_asterisk\">*<\/span><\/span><\/legend><div class='ginput_container ginput_container_consent'><input name='input_18.1' id='input_10_18_1' type='checkbox' value='1'   aria-required=\"true\" aria-invalid=\"false\"   \/> <label class=\"gform-field-label gform-field-label--type-inline gfield_consent_label\" for='input_10_18_1' >J'ai lu et j'accepte <a href=\"\/fr\/avis-legal\/\">l'avis l\u00e9gal<\/a> et la <a href=\"\/fr\/politique-de-confidentialite\/\">politique de confidentialit\u00e9<\/a>.<span class=\"gfield_required gfield_required_asterisk\">*<\/span><\/label><input type='hidden' name='input_18.2' value='J&#039;ai lu et j&#039;accepte &lt;a href=&quot;\/fr\/avis-legal\/&quot;&gt;l&#039;avis l\u00e9gal&lt;\/a&gt; et la &lt;a href=&quot;\/fr\/politique-de-confidentialite\/&quot;&gt;politique de confidentialit\u00e9&lt;\/a&gt;.' class='gform_hidden' \/><input type='hidden' name='input_18.3' value='10' class='gform_hidden' \/><\/div><\/fieldset><\/div><\/div>\n        <div class='gform-footer gform_footer top_label'> <input type='submit' id='gform_submit_button_10' class='gform_button button' onclick='gform.submission.handleButtonClick(this);' data-submission-type='submit' value='Inscrivez-vous aujourd&#039;hui'  \/> <input type='hidden' name='gform_ajax' value='form_id=10&amp;title=&amp;description=&amp;tabindex=0&amp;theme=gravity-theme&amp;styles=[]&amp;hash=658f36638bc841e310d86392286ac3f4' \/>\n            <input type='hidden' class='gform_hidden' name='gform_submission_method' data-js='gform_submission_method_10' value='iframe' \/>\n            <input type='hidden' class='gform_hidden' name='gform_theme' data-js='gform_theme_10' id='gform_theme_10' value='gravity-theme' \/>\n            <input type='hidden' class='gform_hidden' name='gform_style_settings' data-js='gform_style_settings_10' id='gform_style_settings_10' value='[]' \/>\n            <input type='hidden' class='gform_hidden' name='is_submit_10' value='1' \/>\n            <input type='hidden' class='gform_hidden' name='gform_submit' value='10' \/>\n            \n            <input type='hidden' class='gform_hidden' name='gform_currency' data-currency='EUR' value='2aPfr1eMPZcm8REKtyV8DRuda2Z2XXmwiV+e6wGWRkDMkOXm9YkL4WzQa4Ai9UJaP\/O6sIjjr4iYpnLe+t7nZOuv1Inn081KhuHAWf23skP205M=' \/>\n            <input type='hidden' class='gform_hidden' name='gform_unique_id' value='' \/>\n            <input type='hidden' class='gform_hidden' name='state_10' value='WyJ7XCIxOC4xXCI6XCJmOGRlN2FmYTEyM2E2ZjUzYTVmYzI3MGI2YWMyMTU5OFwiLFwiMTguMlwiOlwiMTQ4NGU0OGMyZDk0NGVmMWI3ZWMyYTU0YzBhODgxZDdcIixcIjE4LjNcIjpcImU1NTQxNzFiNDRiYTljMjMwYzM5MGQ0NzNmNWQwZTJmXCJ9IiwiZDQxNjA5OWZlMTExZjRhMWJmMWViMDBlMWVjYzAwMDkiXQ==' \/>\n            <input type='hidden' autocomplete='off' class='gform_hidden' name='gform_target_page_number_10' id='gform_target_page_number_10' value='0' \/>\n            <input type='hidden' autocomplete='off' class='gform_hidden' name='gform_source_page_number_10' id='gform_source_page_number_10' value='1' \/>\n            <input type='hidden' name='gform_field_values' value='' \/>\n            \n        <\/div>\n                        <input type=\"hidden\" id=\"ct_checkjs_138bb0696595b338afbab333c555292a\" name=\"ct_checkjs\" value=\"0\" \/><script >setTimeout(function(){var ct_input_name = \"ct_checkjs_138bb0696595b338afbab333c555292a\";if (document.getElementById(ct_input_name) !== null) {var ct_input_value = document.getElementById(ct_input_name).value;document.getElementById(ct_input_name).value = document.getElementById(ct_input_name).value.replace(ct_input_value, '29862924e035a803fabffbde0239873bd15116662b72ab94a5b311ec757d86fa');}}, 1000);<\/script><input\n                    class=\"apbct_special_field apbct_email_id__gravity_form\"\n                    name=\"apbct__email_id__gravity_form\"\n                    aria-label=\"apbct__label_id__gravity_form\"\n                    type=\"text\" size=\"30\" maxlength=\"200\" autocomplete=\"off\"\n                    value=\"\"\n                \/><\/form>\n                        <\/div>\n\t\t                <iframe style='display:none;width:0px;height:0px;' src='about:blank' name='gform_ajax_frame_10' id='gform_ajax_frame_10' title='Cette iframe contient la logique n\u00e9cessaire pour manipuler Gravity Forms avec Ajax.'><\/iframe>\n\t\t                <script>\ngform.initializeOnLoaded( function() {gformInitSpinner( 10, 'https:\/\/lenidioma.es\/wp-content\/plugins\/gravityforms\/images\/spinner.svg', true );jQuery('#gform_ajax_frame_10').on('load',function(){var contents = jQuery(this).contents().find('*').html();var is_postback = contents.indexOf('GF_AJAX_POSTBACK') >= 0;if(!is_postback){return;}var form_content = jQuery(this).contents().find('#gform_wrapper_10');var is_confirmation = jQuery(this).contents().find('#gform_confirmation_wrapper_10').length > 0;var is_redirect = contents.indexOf('gformRedirect(){') >= 0;var is_form = form_content.length > 0 && ! is_redirect && ! is_confirmation;var mt = parseInt(jQuery('html').css('margin-top'), 10) + parseInt(jQuery('body').css('margin-top'), 10) + 100;if(is_form){jQuery('#gform_wrapper_10').html(form_content.html());if(form_content.hasClass('gform_validation_error')){jQuery('#gform_wrapper_10').addClass('gform_validation_error');} else {jQuery('#gform_wrapper_10').removeClass('gform_validation_error');}setTimeout( function() { \/* delay the scroll by 50 milliseconds to fix a bug in chrome *\/ jQuery(document).scrollTop(jQuery('#gform_wrapper_10').offset().top - mt); }, 50 );if(window['gformInitDatepicker']) {gformInitDatepicker();}if(window['gformInitPriceFields']) {gformInitPriceFields();}var current_page = jQuery('#gform_source_page_number_10').val();gformInitSpinner( 10, 'https:\/\/lenidioma.es\/wp-content\/plugins\/gravityforms\/images\/spinner.svg', true );jQuery(document).trigger('gform_page_loaded', [10, current_page]);window['gf_submitting_10'] = false;}else if(!is_redirect){var confirmation_content = jQuery(this).contents().find('.GF_AJAX_POSTBACK').html();if(!confirmation_content){confirmation_content = contents;}jQuery('#gform_wrapper_10').replaceWith(confirmation_content);jQuery(document).scrollTop(jQuery('#gf_10').offset().top - mt);jQuery(document).trigger('gform_confirmation_loaded', [10]);window['gf_submitting_10'] = false;wp.a11y.speak(jQuery('#gform_confirmation_message_10').text());}else{jQuery('#gform_10').append(contents);if(window['gformRedirect']) {gformRedirect();}}jQuery(document).trigger(\"gform_pre_post_render\", [{ formId: \"10\", currentPage: \"current_page\", abort: function() { this.preventDefault(); } }]);        if (event && event.defaultPrevented) {                return;        }        const gformWrapperDiv = document.getElementById( \"gform_wrapper_10\" );        if ( gformWrapperDiv ) {            const visibilitySpan = document.createElement( \"span\" );            visibilitySpan.id = \"gform_visibility_test_10\";            gformWrapperDiv.insertAdjacentElement( \"afterend\", visibilitySpan );        }        const visibilityTestDiv = document.getElementById( \"gform_visibility_test_10\" );        let postRenderFired = false;        function triggerPostRender() {            if ( postRenderFired ) {                return;            }            postRenderFired = true;            gform.core.triggerPostRenderEvents( 10, current_page );            if ( visibilityTestDiv ) {                visibilityTestDiv.parentNode.removeChild( visibilityTestDiv );            }        }        function debounce( func, wait, immediate ) {            var timeout;            return function() {                var context = this, args = arguments;                var later = function() {                    timeout = null;                    if ( !immediate ) func.apply( context, args );                };                var callNow = immediate && !timeout;                clearTimeout( timeout );                timeout = setTimeout( later, wait );                if ( callNow ) func.apply( context, args );            };        }        const debouncedTriggerPostRender = debounce( function() {            triggerPostRender();        }, 200 );        if ( visibilityTestDiv && visibilityTestDiv.offsetParent === null ) {            const observer = new MutationObserver( ( mutations ) => {                mutations.forEach( ( mutation ) => {                    if ( mutation.type === 'attributes' && visibilityTestDiv.offsetParent !== null ) {                        debouncedTriggerPostRender();                        observer.disconnect();                    }                });            });            observer.observe( document.body, {                attributes: true,                childList: false,                subtree: true,                attributeFilter: [ 'style', 'class' ],            });        } else {            triggerPostRender();        }    } );} );\n<\/script>\n<\/div><\/div><\/div><\/div><\/div><\/section>\n","protected":false},"excerpt":{"rendered":"Inscription au coursInscription et informations sur les cours (dans le menu de la liste d\u00e9roulante tu trouveras les diff\u00e9rents cours, les horaires ne comprennent pas les jours f\u00e9ri\u00e9s). Une fois que tu t&rsquo;es inscrit, je t&rsquo;enverrai un e-mail avec toutes les informations n\u00e9cessaires pour formaliser ton inscription. Les cours n&rsquo;auront lieu qu&rsquo;avec un minimum de...","protected":false},"author":2,"featured_media":0,"parent":0,"menu_order":0,"comment_status":"closed","ping_status":"closed","template":"","meta":{"_acf_changed":false,"footnotes":""},"class_list":["post-1652","page","type-page","status-publish","hentry"],"acf":[],"yoast_head":"<!-- This site is optimized with the Yoast SEO plugin v26.8 - https:\/\/yoast.com\/product\/yoast-seo-wordpress\/ -->\n<title>Inscription au cours - Lenidioma \ud83e\udde1<\/title>\n<meta name=\"robots\" content=\"index, follow, max-snippet:-1, max-image-preview:large, max-video-preview:-1\" \/>\n<link rel=\"canonical\" href=\"https:\/\/lenidioma.es\/fr\/inscription-au-cours\/\" \/>\n<meta property=\"og:locale\" content=\"fr_FR\" \/>\n<meta property=\"og:type\" content=\"article\" \/>\n<meta property=\"og:title\" content=\"Inscription au cours - Lenidioma \ud83e\udde1\" \/>\n<meta property=\"og:url\" content=\"https:\/\/lenidioma.es\/fr\/inscription-au-cours\/\" \/>\n<meta property=\"og:site_name\" content=\"Lenidioma \ud83e\udde1\" \/>\n<meta property=\"article:publisher\" content=\"https:\/\/www.facebook.com\/lenidioma\" \/>\n<meta property=\"article:modified_time\" content=\"2024-01-15T01:33:56+00:00\" \/>\n<meta name=\"twitter:card\" content=\"summary_large_image\" \/>\n<meta name=\"twitter:label1\" content=\"Dur\u00e9e de lecture estim\u00e9e\" \/>\n\t<meta name=\"twitter:data1\" content=\"1 minute\" \/>\n<script type=\"application\/ld+json\" class=\"yoast-schema-graph\">{\"@context\":\"https:\/\/schema.org\",\"@graph\":[{\"@type\":\"WebPage\",\"@id\":\"https:\/\/lenidioma.es\/fr\/inscription-au-cours\/\",\"url\":\"https:\/\/lenidioma.es\/fr\/inscription-au-cours\/\",\"name\":\"Inscription au cours - Lenidioma \ud83e\udde1\",\"isPartOf\":{\"@id\":\"https:\/\/lenidioma.es\/fr\/#website\"},\"datePublished\":\"2023-11-29T01:42:23+00:00\",\"dateModified\":\"2024-01-15T01:33:56+00:00\",\"breadcrumb\":{\"@id\":\"https:\/\/lenidioma.es\/fr\/inscription-au-cours\/#breadcrumb\"},\"inLanguage\":\"fr-FR\",\"potentialAction\":[{\"@type\":\"ReadAction\",\"target\":[\"https:\/\/lenidioma.es\/fr\/inscription-au-cours\/\"]}]},{\"@type\":\"BreadcrumbList\",\"@id\":\"https:\/\/lenidioma.es\/fr\/inscription-au-cours\/#breadcrumb\",\"itemListElement\":[{\"@type\":\"ListItem\",\"position\":1,\"name\":\"Home\",\"item\":\"https:\/\/lenidioma.es\/fr\/\"},{\"@type\":\"ListItem\",\"position\":2,\"name\":\"Inscription au cours\"}]},{\"@type\":\"WebSite\",\"@id\":\"https:\/\/lenidioma.es\/fr\/#website\",\"url\":\"https:\/\/lenidioma.es\/fr\/\",\"name\":\"Lenidioma \ud83e\udde1\",\"description\":\"Language is our nature\",\"potentialAction\":[{\"@type\":\"SearchAction\",\"target\":{\"@type\":\"EntryPoint\",\"urlTemplate\":\"https:\/\/lenidioma.es\/fr\/?s={search_term_string}\"},\"query-input\":{\"@type\":\"PropertyValueSpecification\",\"valueRequired\":true,\"valueName\":\"search_term_string\"}}],\"inLanguage\":\"fr-FR\"}]}<\/script>\n<!-- \/ Yoast SEO plugin. -->","yoast_head_json":{"title":"Inscription au cours - Lenidioma \ud83e\udde1","robots":{"index":"index","follow":"follow","max-snippet":"max-snippet:-1","max-image-preview":"max-image-preview:large","max-video-preview":"max-video-preview:-1"},"canonical":"https:\/\/lenidioma.es\/fr\/inscription-au-cours\/","og_locale":"fr_FR","og_type":"article","og_title":"Inscription au cours - Lenidioma \ud83e\udde1","og_url":"https:\/\/lenidioma.es\/fr\/inscription-au-cours\/","og_site_name":"Lenidioma \ud83e\udde1","article_publisher":"https:\/\/www.facebook.com\/lenidioma","article_modified_time":"2024-01-15T01:33:56+00:00","twitter_card":"summary_large_image","twitter_misc":{"Dur\u00e9e de lecture estim\u00e9e":"1 minute"},"schema":{"@context":"https:\/\/schema.org","@graph":[{"@type":"WebPage","@id":"https:\/\/lenidioma.es\/fr\/inscription-au-cours\/","url":"https:\/\/lenidioma.es\/fr\/inscription-au-cours\/","name":"Inscription au cours - Lenidioma \ud83e\udde1","isPartOf":{"@id":"https:\/\/lenidioma.es\/fr\/#website"},"datePublished":"2023-11-29T01:42:23+00:00","dateModified":"2024-01-15T01:33:56+00:00","breadcrumb":{"@id":"https:\/\/lenidioma.es\/fr\/inscription-au-cours\/#breadcrumb"},"inLanguage":"fr-FR","potentialAction":[{"@type":"ReadAction","target":["https:\/\/lenidioma.es\/fr\/inscription-au-cours\/"]}]},{"@type":"BreadcrumbList","@id":"https:\/\/lenidioma.es\/fr\/inscription-au-cours\/#breadcrumb","itemListElement":[{"@type":"ListItem","position":1,"name":"Home","item":"https:\/\/lenidioma.es\/fr\/"},{"@type":"ListItem","position":2,"name":"Inscription au cours"}]},{"@type":"WebSite","@id":"https:\/\/lenidioma.es\/fr\/#website","url":"https:\/\/lenidioma.es\/fr\/","name":"Lenidioma \ud83e\udde1","description":"Language is our nature","potentialAction":[{"@type":"SearchAction","target":{"@type":"EntryPoint","urlTemplate":"https:\/\/lenidioma.es\/fr\/?s={search_term_string}"},"query-input":{"@type":"PropertyValueSpecification","valueRequired":true,"valueName":"search_term_string"}}],"inLanguage":"fr-FR"}]}},"_links":{"self":[{"href":"https:\/\/lenidioma.es\/fr\/wp-json\/wp\/v2\/pages\/1652","targetHints":{"allow":["GET"]}}],"collection":[{"href":"https:\/\/lenidioma.es\/fr\/wp-json\/wp\/v2\/pages"}],"about":[{"href":"https:\/\/lenidioma.es\/fr\/wp-json\/wp\/v2\/types\/page"}],"author":[{"embeddable":true,"href":"https:\/\/lenidioma.es\/fr\/wp-json\/wp\/v2\/users\/2"}],"replies":[{"embeddable":true,"href":"https:\/\/lenidioma.es\/fr\/wp-json\/wp\/v2\/comments?post=1652"}],"version-history":[{"count":3,"href":"https:\/\/lenidioma.es\/fr\/wp-json\/wp\/v2\/pages\/1652\/revisions"}],"predecessor-version":[{"id":1713,"href":"https:\/\/lenidioma.es\/fr\/wp-json\/wp\/v2\/pages\/1652\/revisions\/1713"}],"wp:attachment":[{"href":"https:\/\/lenidioma.es\/fr\/wp-json\/wp\/v2\/media?parent=1652"}],"curies":[{"name":"wp","href":"https:\/\/api.w.org\/{rel}","templated":true}]}}