{"id":1456,"date":"2023-09-17T10:33:47","date_gmt":"2023-09-17T08:33:47","guid":{"rendered":"https:\/\/lenidioma.es\/avis-legal\/"},"modified":"2023-09-18T08:43:47","modified_gmt":"2023-09-18T06:43:47","slug":"avis-legal","status":"publish","type":"page","link":"https:\/\/lenidioma.es\/fr\/avis-legal\/","title":{"rendered":"Avis L\u00e9gal"},"content":{"rendered":"<section class=\"l-section wpb_row height_medium\"><div class=\"l-section-h i-cf\"><div class=\"g-cols vc_row via_flex valign_top type_default stacking_default\"><div class=\"vc_col-sm-12 wpb_column vc_column_container\"><div class=\"vc_column-inner\"><div class=\"wpb_wrapper\"><h1 class=\"w-post-elm post_title entry-title color_link_inherit\">Avis L\u00e9gal<\/h1><\/div><\/div><\/div><\/div><\/div><\/section><section class=\"l-section wpb_row height_small\"><div class=\"l-section-h i-cf\"><div class=\"g-cols vc_row via_flex valign_top type_default stacking_default\"><div class=\"vc_col-sm-12 wpb_column vc_column_container\"><div class=\"vc_column-inner\"><div class=\"wpb_wrapper\"><div class=\"wpb_text_column\"><div class=\"wpb_wrapper\"><p>Conform\u00e9ment \u00e0 l&rsquo;obligation d&rsquo;information pr\u00e9vue \u00e0 l&rsquo;article 10 de la loi 34\/2002, du 11 juillet, sur les services de la soci\u00e9t\u00e9 de l&rsquo;information et le commerce \u00e9lectronique (LSSICE), le propri\u00e9taire du site web informe de ce qui suit :<\/p>\n<ul>\n<li>Nom de la soci\u00e9t\u00e9 : Magdalena Mar\u00eda Sureda Ferragut<\/li>\n<li>NUM\u00c9RO D&rsquo;IDENTIFICATION FISCALE : 18224968K<\/li>\n<li>Adresse : Cam\u00ed de Sa Vall, Pol. 27, Parcela 110, 07500 &#8211; Manacor (Illes Balears)<\/li>\n<\/ul>\n<p>Dans les limites \u00e9tablies par la loi, Magdalena Mar\u00eda Sureda Ferragut n&rsquo;assume aucune responsabilit\u00e9 quant au manque de v\u00e9racit\u00e9, d&rsquo;int\u00e9grit\u00e9, d&rsquo;actualisation et d&rsquo;exactitude des donn\u00e9es ou des informations contenues dans son site web.<\/p>\n<p>Les contenus et les informations n&rsquo;engagent pas Magdalena Mar\u00eda Sureda Ferragut et ne constituent pas non plus des opinions, des conseils ou des avis juridiques de quelque nature que ce soit, puisqu&rsquo;il s&rsquo;agit d&rsquo;un simple service offert \u00e0 des fins d&rsquo;information et d&rsquo;information. Les pages Internet de Magdalena Mar\u00eda Sureda Ferragut peuvent contenir des liens vers d&rsquo;autres pages de tiers que Magdalena Mar\u00eda Sureda Ferragut ne peut contr\u00f4ler. Par cons\u00e9quent, Magdalena Mar\u00eda Sureda Ferragut n&rsquo;assume aucune responsabilit\u00e9 quant au contenu des pages de tiers.<\/p>\n<p>Les textes, images, sons, animations, logiciels et autres contenus inclus dans ce site Web sont la propri\u00e9t\u00e9 exclusive de Magdalena Mar\u00eda Sureda Ferragut ou de ses conc\u00e9dants de licence. Tout acte de transmission, de distribution, de cession, de reproduction, de stockage ou de communication publique totale ou partielle doit faire l&rsquo;objet d&rsquo;un consentement expr\u00e8s de Magdalena Mar\u00eda Sureda Ferragut.<\/p>\n<p>De m\u00eame, pour acc\u00e9der \u00e0 certains des services offerts par Magdalena Mar\u00eda Sureda Ferragut \u00e0 travers le site web, il est n\u00e9cessaire de fournir certaines donn\u00e9es personnelles. Conform\u00e9ment aux dispositions du R\u00e8glement (UE) 2016\/679 du Parlement europ\u00e9en et du Conseil du 27 avril 2016 relatif \u00e0 la protection des personnes physiques \u00e0 l&rsquo;\u00e9gard du traitement des donn\u00e9es \u00e0 caract\u00e8re personnel et \u00e0 la libre circulation de ces donn\u00e9es, nous t&rsquo;informons qu&rsquo;en remplissant ces formulaires, tes donn\u00e9es personnelles seront enregistr\u00e9es et trait\u00e9es dans les fichiers de Magdalena Mar\u00eda Sureda Ferragut afin de te fournir et de t&rsquo;offrir nos services et de t&rsquo;informer des am\u00e9liorations apport\u00e9es au site web.<\/p>\n<p>Nous te faisons \u00e9galement savoir que tu auras la possibilit\u00e9 d&rsquo;exercer \u00e0 tout moment tes droits d&rsquo;acc\u00e8s, de rectification, d&rsquo;annulation, d&rsquo;opposition, de limitation et de portabilit\u00e9 de tes donn\u00e9es personnelles, gratuitement, par courrier \u00e9lectronique \u00e0 : info@lenidioma.es ou \u00e0 l&rsquo;adresse : Cam\u00ed de Sa Vall, Pol. 27, Parcela 110, 07500 &#8211; Manacor (Illes Balears).<\/p>\n<\/div><\/div><\/div><\/div><\/div><\/div><\/div><\/section>\n","protected":false},"excerpt":{"rendered":"Avis L\u00e9galConform\u00e9ment \u00e0 l&rsquo;obligation d&rsquo;information pr\u00e9vue \u00e0 l&rsquo;article 10 de la loi 34\/2002, du 11 juillet, sur les services de la soci\u00e9t\u00e9 de l&rsquo;information et le commerce \u00e9lectronique (LSSICE), le propri\u00e9taire du site web informe de ce qui suit : Nom de la soci\u00e9t\u00e9 : Magdalena Mar\u00eda Sureda Ferragut NUM\u00c9RO D&rsquo;IDENTIFICATION FISCALE : 18224968K Adresse...","protected":false},"author":2,"featured_media":0,"parent":0,"menu_order":0,"comment_status":"closed","ping_status":"closed","template":"","meta":{"_acf_changed":false,"footnotes":""},"class_list":["post-1456","page","type-page","status-publish","hentry"],"acf":[],"yoast_head":"<!-- This site is optimized with the Yoast SEO plugin v26.8 - https:\/\/yoast.com\/product\/yoast-seo-wordpress\/ -->\n<title>Avis L\u00e9gal - Lenidioma \ud83e\udde1<\/title>\n<meta name=\"robots\" content=\"index, follow, max-snippet:-1, max-image-preview:large, max-video-preview:-1\" \/>\n<link rel=\"canonical\" href=\"https:\/\/lenidioma.es\/fr\/avis-legal\/\" \/>\n<meta property=\"og:locale\" content=\"fr_FR\" \/>\n<meta property=\"og:type\" content=\"article\" \/>\n<meta property=\"og:title\" content=\"Avis L\u00e9gal - Lenidioma \ud83e\udde1\" \/>\n<meta property=\"og:url\" content=\"https:\/\/lenidioma.es\/fr\/avis-legal\/\" \/>\n<meta property=\"og:site_name\" content=\"Lenidioma \ud83e\udde1\" \/>\n<meta property=\"article:publisher\" content=\"https:\/\/www.facebook.com\/lenidioma\" \/>\n<meta property=\"article:modified_time\" content=\"2023-09-18T06:43:47+00:00\" \/>\n<meta name=\"twitter:card\" content=\"summary_large_image\" \/>\n<meta name=\"twitter:label1\" content=\"Dur\u00e9e de lecture estim\u00e9e\" \/>\n\t<meta name=\"twitter:data1\" content=\"2 minutes\" \/>\n<script type=\"application\/ld+json\" class=\"yoast-schema-graph\">{\"@context\":\"https:\/\/schema.org\",\"@graph\":[{\"@type\":\"WebPage\",\"@id\":\"https:\/\/lenidioma.es\/fr\/avis-legal\/\",\"url\":\"https:\/\/lenidioma.es\/fr\/avis-legal\/\",\"name\":\"Avis L\u00e9gal - Lenidioma \ud83e\udde1\",\"isPartOf\":{\"@id\":\"https:\/\/lenidioma.es\/fr\/#website\"},\"datePublished\":\"2023-09-17T08:33:47+00:00\",\"dateModified\":\"2023-09-18T06:43:47+00:00\",\"breadcrumb\":{\"@id\":\"https:\/\/lenidioma.es\/fr\/avis-legal\/#breadcrumb\"},\"inLanguage\":\"fr-FR\",\"potentialAction\":[{\"@type\":\"ReadAction\",\"target\":[\"https:\/\/lenidioma.es\/fr\/avis-legal\/\"]}]},{\"@type\":\"BreadcrumbList\",\"@id\":\"https:\/\/lenidioma.es\/fr\/avis-legal\/#breadcrumb\",\"itemListElement\":[{\"@type\":\"ListItem\",\"position\":1,\"name\":\"Home\",\"item\":\"https:\/\/lenidioma.es\/fr\/\"},{\"@type\":\"ListItem\",\"position\":2,\"name\":\"Avis L\u00e9gal\"}]},{\"@type\":\"WebSite\",\"@id\":\"https:\/\/lenidioma.es\/fr\/#website\",\"url\":\"https:\/\/lenidioma.es\/fr\/\",\"name\":\"Lenidioma \ud83e\udde1\",\"description\":\"Language is our nature\",\"potentialAction\":[{\"@type\":\"SearchAction\",\"target\":{\"@type\":\"EntryPoint\",\"urlTemplate\":\"https:\/\/lenidioma.es\/fr\/?s={search_term_string}\"},\"query-input\":{\"@type\":\"PropertyValueSpecification\",\"valueRequired\":true,\"valueName\":\"search_term_string\"}}],\"inLanguage\":\"fr-FR\"}]}<\/script>\n<!-- \/ Yoast SEO plugin. -->","yoast_head_json":{"title":"Avis L\u00e9gal - Lenidioma \ud83e\udde1","robots":{"index":"index","follow":"follow","max-snippet":"max-snippet:-1","max-image-preview":"max-image-preview:large","max-video-preview":"max-video-preview:-1"},"canonical":"https:\/\/lenidioma.es\/fr\/avis-legal\/","og_locale":"fr_FR","og_type":"article","og_title":"Avis L\u00e9gal - Lenidioma \ud83e\udde1","og_url":"https:\/\/lenidioma.es\/fr\/avis-legal\/","og_site_name":"Lenidioma \ud83e\udde1","article_publisher":"https:\/\/www.facebook.com\/lenidioma","article_modified_time":"2023-09-18T06:43:47+00:00","twitter_card":"summary_large_image","twitter_misc":{"Dur\u00e9e de lecture estim\u00e9e":"2 minutes"},"schema":{"@context":"https:\/\/schema.org","@graph":[{"@type":"WebPage","@id":"https:\/\/lenidioma.es\/fr\/avis-legal\/","url":"https:\/\/lenidioma.es\/fr\/avis-legal\/","name":"Avis L\u00e9gal - Lenidioma \ud83e\udde1","isPartOf":{"@id":"https:\/\/lenidioma.es\/fr\/#website"},"datePublished":"2023-09-17T08:33:47+00:00","dateModified":"2023-09-18T06:43:47+00:00","breadcrumb":{"@id":"https:\/\/lenidioma.es\/fr\/avis-legal\/#breadcrumb"},"inLanguage":"fr-FR","potentialAction":[{"@type":"ReadAction","target":["https:\/\/lenidioma.es\/fr\/avis-legal\/"]}]},{"@type":"BreadcrumbList","@id":"https:\/\/lenidioma.es\/fr\/avis-legal\/#breadcrumb","itemListElement":[{"@type":"ListItem","position":1,"name":"Home","item":"https:\/\/lenidioma.es\/fr\/"},{"@type":"ListItem","position":2,"name":"Avis L\u00e9gal"}]},{"@type":"WebSite","@id":"https:\/\/lenidioma.es\/fr\/#website","url":"https:\/\/lenidioma.es\/fr\/","name":"Lenidioma \ud83e\udde1","description":"Language is our nature","potentialAction":[{"@type":"SearchAction","target":{"@type":"EntryPoint","urlTemplate":"https:\/\/lenidioma.es\/fr\/?s={search_term_string}"},"query-input":{"@type":"PropertyValueSpecification","valueRequired":true,"valueName":"search_term_string"}}],"inLanguage":"fr-FR"}]}},"_links":{"self":[{"href":"https:\/\/lenidioma.es\/fr\/wp-json\/wp\/v2\/pages\/1456","targetHints":{"allow":["GET"]}}],"collection":[{"href":"https:\/\/lenidioma.es\/fr\/wp-json\/wp\/v2\/pages"}],"about":[{"href":"https:\/\/lenidioma.es\/fr\/wp-json\/wp\/v2\/types\/page"}],"author":[{"embeddable":true,"href":"https:\/\/lenidioma.es\/fr\/wp-json\/wp\/v2\/users\/2"}],"replies":[{"embeddable":true,"href":"https:\/\/lenidioma.es\/fr\/wp-json\/wp\/v2\/comments?post=1456"}],"version-history":[{"count":3,"href":"https:\/\/lenidioma.es\/fr\/wp-json\/wp\/v2\/pages\/1456\/revisions"}],"predecessor-version":[{"id":1536,"href":"https:\/\/lenidioma.es\/fr\/wp-json\/wp\/v2\/pages\/1456\/revisions\/1536"}],"wp:attachment":[{"href":"https:\/\/lenidioma.es\/fr\/wp-json\/wp\/v2\/media?parent=1456"}],"curies":[{"name":"wp","href":"https:\/\/api.w.org\/{rel}","templated":true}]}}