{"id":1112,"date":"2023-06-18T07:26:00","date_gmt":"2023-06-18T05:26:00","guid":{"rendered":"https:\/\/lenidioma.es\/politique-de-cookies-confidentialite-et-mentions-legales\/"},"modified":"2023-09-17T13:30:13","modified_gmt":"2023-09-17T11:30:13","slug":"politique-de-confidentialite","status":"publish","type":"page","link":"https:\/\/lenidioma.es\/fr\/politique-de-confidentialite\/","title":{"rendered":"Politique de Confidentialit\u00e9"},"content":{"rendered":"<section class=\"l-section wpb_row height_medium\"><div class=\"l-section-h i-cf\"><div class=\"g-cols vc_row via_flex valign_top type_default stacking_default\"><div class=\"vc_col-sm-12 wpb_column vc_column_container\"><div class=\"vc_column-inner\"><div class=\"wpb_wrapper\"><h1 class=\"w-post-elm post_title entry-title color_link_inherit\">Politique de Confidentialit\u00e9<\/h1><\/div><\/div><\/div><\/div><\/div><\/section><section class=\"l-section wpb_row height_small\"><div class=\"l-section-h i-cf\"><div class=\"g-cols vc_row via_flex valign_top type_default stacking_default\"><div class=\"vc_col-sm-12 wpb_column vc_column_container\"><div class=\"vc_column-inner\"><div class=\"wpb_wrapper\"><div class=\"wpb_text_column\"><div class=\"wpb_wrapper\"><p><strong>Protection des donn\u00e9es personnelles selon le RGPD<\/strong><\/p>\n<p>Magdalena Mar\u00eda Sureda Ferragut, en application de la l\u00e9gislation en vigueur sur la protection des donn\u00e9es personnelles, informe que les donn\u00e9es personnelles collect\u00e9es par le biais des formulaires du site web : https:\/\/lenidioma.es\/, sont incluses dans les fichiers automatis\u00e9s sp\u00e9cifiques des utilisateurs des services de Magdalena Mar\u00eda Sureda Ferragut.<\/p>\n<p>La finalit\u00e9 de la collecte et du traitement automatis\u00e9 des donn\u00e9es personnelles est de maintenir la relation commerciale et la r\u00e9alisation des activit\u00e9s d&rsquo;information, de formation, de conseil et autres de Magdalena Mar\u00eda Sureda Ferragut.<\/p>\n<p>Ces donn\u00e9es ne seront c\u00e9d\u00e9es qu&rsquo;aux entit\u00e9s n\u00e9cessaires dans le seul but de respecter la finalit\u00e9 susmentionn\u00e9e. Magdalena Mar\u00eda Sureda Ferragut adopte les mesures n\u00e9cessaires pour garantir la s\u00e9curit\u00e9, l&rsquo;int\u00e9grit\u00e9 et la confidentialit\u00e9 des donn\u00e9es conform\u00e9ment aux dispositions du R\u00e8glement (UE) 2016\/679 du Parlement europ\u00e9en et du Conseil, du 27 avril 2016, relatif \u00e0 la protection des personnes physiques \u00e0 l&rsquo;\u00e9gard du traitement des donn\u00e9es \u00e0 caract\u00e8re personnel et \u00e0 la libre circulation de ces donn\u00e9es, et abrogeant l&rsquo;ancienne LOPD, la nouvelle loi organique 3\/2018, du 5 d\u00e9cembre, sur la protection des donn\u00e9es et la garantie des droits num\u00e9riques (LOPDGDDD).<\/p>\n<p>L&rsquo;utilisateur peut \u00e0 tout moment exercer les droits d&rsquo;acc\u00e8s, d&rsquo;opposition, de rectification, d&rsquo;annulation, de limitation et de portabilit\u00e9 reconnus dans le r\u00e8glement (UE) susmentionn\u00e9. L&rsquo;utilisateur peut exercer ces droits en envoyant un courrier \u00e9lectronique \u00e0 : info@lenidioma.es ou \u00e0 l&rsquo;adresse suivante : Cam\u00ed de Sa Vall, Pol. 27, Parcela 110, C.P. 07500 &#8211; Manacor (Illes Balears).<\/p>\n<p>L&rsquo;utilisateur d\u00e9clare que toutes les donn\u00e9es qu&rsquo;il a fournies sont exactes et correctes et s&rsquo;engage \u00e0 les tenir \u00e0 jour, en communiquant tout changement \u00e0 Magdalena Mar\u00eda Sureda Ferragut Finalit\u00e9 du traitement des donn\u00e9es personnelles :<\/p>\n<p><strong>Dans quel but traitons-nous vos donn\u00e9es personnelles ?<\/strong><\/p>\n<p>Magdalena Mar\u00eda Sureda Ferragut traitera vos donn\u00e9es personnelles collect\u00e9es sur le site Web https:\/\/lenidioma.es\/ aux fins suivantes :<\/p>\n<ol>\n<li>respecter les obligations commerciales, sociales, corporatives et comptables de l&rsquo;entreprise.<\/li>\n<li>Envoi d&rsquo;informations commerciales et de bulletins d&rsquo;information sur les nouveaux services propos\u00e9s sur le site Web et dans le secteur.<\/li>\n<li>Envoi d&rsquo;informations promotionnelles par voie \u00e9lectronique.<\/li>\n<li>Fournir les informations demand\u00e9es par l&rsquo;utilisateur \u00e0 travers le formulaire de contact.<\/li>\n<\/ol>\n<p>Nous vous rappelons que vous pouvez vous opposer \u00e0 l&rsquo;envoi de communications commerciales par tout moyen et \u00e0 tout moment en envoyant un courrier \u00e9lectronique \u00e0 l&rsquo;adresse indiqu\u00e9e ci-dessus. Les champs de ces fiches doivent \u00eatre remplis et il sera impossible d&rsquo;atteindre les objectifs exprim\u00e9s si vous ne fournissez pas ces informations.<\/p>\n<p><strong>Pendant combien de temps les donn\u00e9es personnelles collect\u00e9es seront-elles conserv\u00e9es ?<\/strong><\/p>\n<p>Les donn\u00e9es personnelles fournies seront conserv\u00e9es tant que la relation commerciale sera maintenue ou que vous n&rsquo;en demanderez pas la suppression, ainsi que pendant la p\u00e9riode au cours de laquelle des responsabilit\u00e9s l\u00e9gales peuvent d\u00e9couler des services fournis.<\/p>\n<p><strong>L\u00e9gitimation <\/strong>:<\/p>\n<p>Le traitement de vos donn\u00e9es est effectu\u00e9 sur la base des fondements juridiques suivants qui le l\u00e9gitiment :<\/p>\n<ol>\n<li>La demande d&rsquo;information et\/ou la souscription des services de Magdalena Mar\u00eda Sureda Ferragut, dont les termes et conditions vous seront communiqu\u00e9s dans tous les cas, avant toute \u00e9ventuelle souscription.<\/li>\n<li>le consentement libre, sp\u00e9cifique, inform\u00e9 et sans \u00e9quivoque, dans la mesure o\u00f9 nous vous informons en mettant \u00e0 votre disposition cette politique de confidentialit\u00e9 que, apr\u00e8s l&rsquo;avoir lue, si vous \u00eates d&rsquo;accord, vous pouvez accepter au moyen d&rsquo;une d\u00e9claration ou d&rsquo;une action affirmative claire, par exemple en cochant une case pr\u00e9vue \u00e0 cet effet.<\/li>\n<\/ol>\n<p>Si vous ne nous communiquez pas vos coordonn\u00e9es, ou si vous les communiquez de mani\u00e8re incorrecte ou incompl\u00e8te, nous ne serons pas en mesure de traiter votre demande, ce qui rendra totalement impossible la fourniture des informations demand\u00e9es ou l&rsquo;ex\u00e9cution du contrat de services.<\/p>\n<p><strong>Destinataires <\/strong>:<\/p>\n<p>Les donn\u00e9es ne seront pas communiqu\u00e9es \u00e0 des tiers en dehors de Magdalena Mar\u00eda Sureda Ferragut, sauf en cas d&rsquo;obligation l\u00e9gale.<\/p>\n<p><strong>Donn\u00e9es collect\u00e9es par les utilisateurs des services<\/strong><\/p>\n<p>Dans les cas o\u00f9 l&rsquo;utilisateur inclut des fichiers contenant des donn\u00e9es personnelles dans les serveurs d&rsquo;h\u00e9bergement partag\u00e9, Magdalena Mar\u00eda Sureda Ferragut n&rsquo;est pas responsable du non-respect du RGPD par l&rsquo;utilisateur.<\/p>\n<p><strong>Droits de propri\u00e9t\u00e9 intellectuelle https:\/\/lenidioma.es\/<\/strong><\/p>\n<p>Magdalena Mar\u00eda Sureda Ferragut est titulaire de tous les droits d&rsquo;auteur, de propri\u00e9t\u00e9 intellectuelle et industrielle, de savoir-faire et de tout autre droit li\u00e9 aux contenus du site Web https:\/\/lenidioma.es\/ et aux services qui y sont propos\u00e9s, ainsi qu&rsquo;aux programmes n\u00e9cessaires \u00e0 leur mise en \u0153uvre et \u00e0 l&rsquo;information connexe. La reproduction, la publication et\/ou l&rsquo;utilisation du contenu, en tout ou en partie, du site https:\/\/lenidioma.es\/, autre que pour un usage strictement priv\u00e9, n&rsquo;est pas autoris\u00e9e sans accord \u00e9crit pr\u00e9alable.<\/p>\n<p><strong>Propri\u00e9t\u00e9 intellectuelle des softwares<\/strong><\/p>\n<p>L&rsquo;utilisateur doit respecter les softwares de tiers mis \u00e0 disposition par Magdalena Mar\u00eda Sureda Ferragut, m\u00eame s&rsquo;ils sont gratuits et\/ou accessibles au public.<\/p>\n<p>L&rsquo;utilisateur n&rsquo;acquiert aucun droit ou licence sur le service contract\u00e9, sur le logiciel n\u00e9cessaire \u00e0 la prestation du service, ni sur l&rsquo;information technique pour le contr\u00f4le du service, \u00e0 l&rsquo;exception des droits et licences n\u00e9cessaires \u00e0 l&rsquo;ex\u00e9cution des services contract\u00e9s et uniquement pour la dur\u00e9e de ceux-ci.<\/p>\n<p>Pour toute action d\u00e9passant l&rsquo;ex\u00e9cution du contrat, l&rsquo;utilisateur devra obtenir l&rsquo;autorisation \u00e9crite de Magdalena Mar\u00eda Sureda Ferragut, et il lui est interdit d&rsquo;acc\u00e9der, de modifier, de visualiser la configuration, la structure et les fichiers des serveurs appartenant \u00e0 Magdalena Mar\u00eda Sureda Ferragut, en assumant la responsabilit\u00e9 civile et p\u00e9nale d\u00e9riv\u00e9e de tout incident pouvant survenir dans les serveurs et les syst\u00e8mes de s\u00e9curit\u00e9 comme cons\u00e9quence directe d&rsquo;une action n\u00e9gligente ou malveillante de sa part.<\/p>\n<p><strong>Propri\u00e9t\u00e9 intellectuelle des contenus h\u00e9berg\u00e9s<\/strong><\/p>\n<p>L&rsquo;utilisation contraire \u00e0 la l\u00e9gislation sur la propri\u00e9t\u00e9 intellectuelle des services fournis par Magdalena Mar\u00eda Sureda Ferragut est interdite et, en particulier, l&rsquo;utilisation qui est contraire \u00e0 la loi espagnole ou qui porte atteinte aux droits de tiers :<\/p>\n<ol>\n<li>l&rsquo;utilisation contraire \u00e0 la loi espagnole ou qui porte atteinte aux droits de tiers.<\/li>\n<li>La publication ou la transmission de tout contenu qui, de l&rsquo;avis de Magdalena Mar\u00eda Sureda Ferragut, est violent, obsc\u00e8ne, abusif, ill\u00e9gal, racial, x\u00e9nophobe ou diffamatoire.<\/li>\n<li>Les cracks, les num\u00e9ros de s\u00e9rie de programmes ou tout autre contenu qui enfreint les droits de propri\u00e9t\u00e9 intellectuelle de tiers.<\/li>\n<li>La collecte et\/ou l&rsquo;utilisation de donn\u00e9es personnelles d&rsquo;autres utilisateurs sans leur consentement expr\u00e8s ou en contravention avec les dispositions du R\u00e8glement (UE) 2016\/679 du Parlement europ\u00e9en et du Conseil du 27 avril 2016 relatif \u00e0 la protection des personnes physiques \u00e0 l&rsquo;\u00e9gard du traitement des donn\u00e9es \u00e0 caract\u00e8re personnel et \u00e0 la libre circulation de ces donn\u00e9es.<\/li>\n<li>L&rsquo;utilisation du serveur de messagerie et des adresses \u00e9lectroniques du domaine pour l&rsquo;envoi de courriels en masse non sollicit\u00e9s.<\/li>\n<\/ol>\n<p>L&rsquo;utilisateur est enti\u00e8rement responsable du contenu de son site web, des informations transmises et stock\u00e9es, des liens hypertextes, des r\u00e9clamations de tiers et des actions en justice relatives \u00e0 la propri\u00e9t\u00e9 intellectuelle, aux droits des tiers et \u00e0 la protection des mineurs.<\/p>\n<p>L&rsquo;utilisateur est responsable du respect des lois et r\u00e8glements en vigueur et des r\u00e8gles relatives au fonctionnement du service en ligne, au commerce \u00e9lectronique, aux droits d&rsquo;auteur, au maintien de l&rsquo;ordre public, ainsi qu&rsquo;aux principes universels d&rsquo;utilisation d&rsquo;Internet.<\/p>\n<p>L&rsquo;utilisateur indemnisera Magdalena Mar\u00eda Sureda Ferragut pour les d\u00e9penses qui g\u00e9n\u00e8rent l&rsquo;imputation de Magdalena Mar\u00eda Sureda Ferragut dans toute cause dont la responsabilit\u00e9 est imputable \u00e0 l&rsquo;utilisateur, y compris les honoraires et les frais de d\u00e9fense juridique, m\u00eame dans le cas d&rsquo;une d\u00e9cision judiciaire non d\u00e9finitive.<\/p>\n<p><strong>Protection des informations h\u00e9berg\u00e9es<\/strong><\/p>\n<p>Magdalena Mar\u00eda Sureda Ferragut effectue des copies de s\u00e9curit\u00e9 des contenus h\u00e9berg\u00e9s sur ses serveurs, mais elle n&rsquo;est pas responsable de la perte ou de l&rsquo;effacement accidentel des donn\u00e9es par les utilisateurs. De m\u00eame, elle ne garantit pas le remplacement total des donn\u00e9es supprim\u00e9es par les utilisateurs, ces derni\u00e8res pouvant avoir \u00e9t\u00e9 supprim\u00e9es et\/ou modifi\u00e9es au cours de la p\u00e9riode \u00e9coul\u00e9e depuis la derni\u00e8re copie de s\u00e9curit\u00e9.<\/p>\n<p>Les services offerts, \u00e0 l&rsquo;exception des services sp\u00e9cifiques de sauvegarde, ne comprennent pas le remplacement des contenus conserv\u00e9s dans les copies de sauvegarde effectu\u00e9es par Magdalena Mar\u00eda Sureda Ferragut, lorsque cette perte est imputable \u00e0 l&rsquo;utilisateur ; dans ce cas, un tarif sera d\u00e9termin\u00e9 en fonction de la complexit\u00e9 et du volume de la r\u00e9cup\u00e9ration, toujours avec l&rsquo;acceptation pr\u00e9alable de l&rsquo;utilisateur.<\/p>\n<p>Le remplacement des donn\u00e9es supprim\u00e9es n&rsquo;est inclus dans le prix du service que lorsque la perte du contenu est due \u00e0 des causes imputables \u00e0 Magdalena Mar\u00eda Sureda Ferragut.<\/p>\n<p><strong>Communications commerciales<\/strong><\/p>\n<p>En application de la LSSI. Magdalena Mar\u00eda Sureda Ferragut n&rsquo;enverra pas de communications publicitaires ou promotionnelles par courrier \u00e9lectronique ou tout autre moyen de communication \u00e9lectronique \u00e9quivalent qui n&rsquo;ont pas \u00e9t\u00e9 pr\u00e9alablement demand\u00e9es ou express\u00e9ment autoris\u00e9es par les destinataires.<br \/>\nDans le cas d&rsquo;utilisateurs avec lesquels il existe une relation contractuelle ant\u00e9rieure, Magdalena Mar\u00eda Sureda Ferragut est autoris\u00e9e \u00e0 envoyer des communications commerciales relatives aux produits ou services de Magdalena Mar\u00eda Sureda Ferragut qui sont similaires \u00e0 ceux initialement contract\u00e9s avec le client.<br \/>\nDans tous les cas, l&rsquo;utilisateur, apr\u00e8s avoir prouv\u00e9 son identit\u00e9, peut demander \u00e0 ce qu&rsquo;aucune autre information commerciale ne lui soit envoy\u00e9e par l&rsquo;interm\u00e9diaire des canaux du service client\u00e8le.<\/p>\n<\/div><\/div><\/div><\/div><\/div><\/div><\/div><\/section>\n","protected":false},"excerpt":{"rendered":"Politique de Confidentialit\u00e9Protection des donn\u00e9es personnelles selon le RGPD Magdalena Mar\u00eda Sureda Ferragut, en application de la l\u00e9gislation en vigueur sur la protection des donn\u00e9es personnelles, informe que les donn\u00e9es personnelles collect\u00e9es par le biais des formulaires du site web : https:\/\/lenidioma.es\/, sont incluses dans les fichiers automatis\u00e9s sp\u00e9cifiques des utilisateurs des services de Magdalena...","protected":false},"author":2,"featured_media":0,"parent":0,"menu_order":0,"comment_status":"closed","ping_status":"closed","template":"","meta":{"_acf_changed":false,"footnotes":""},"class_list":["post-1112","page","type-page","status-publish","hentry"],"acf":[],"yoast_head":"<!-- This site is optimized with the Yoast SEO plugin v26.8 - https:\/\/yoast.com\/product\/yoast-seo-wordpress\/ -->\n<title>Politique de Confidentialit\u00e9 - Lenidioma \ud83e\udde1<\/title>\n<meta name=\"robots\" content=\"index, follow, max-snippet:-1, max-image-preview:large, max-video-preview:-1\" \/>\n<link rel=\"canonical\" href=\"https:\/\/lenidioma.es\/fr\/politique-de-confidentialite\/\" \/>\n<meta property=\"og:locale\" content=\"fr_FR\" \/>\n<meta property=\"og:type\" content=\"article\" \/>\n<meta property=\"og:title\" content=\"Politique de Confidentialit\u00e9 - Lenidioma \ud83e\udde1\" \/>\n<meta property=\"og:url\" content=\"https:\/\/lenidioma.es\/fr\/politique-de-confidentialite\/\" \/>\n<meta property=\"og:site_name\" content=\"Lenidioma \ud83e\udde1\" \/>\n<meta property=\"article:publisher\" content=\"https:\/\/www.facebook.com\/lenidioma\" \/>\n<meta property=\"article:modified_time\" content=\"2023-09-17T11:30:13+00:00\" \/>\n<meta name=\"twitter:card\" content=\"summary_large_image\" \/>\n<meta name=\"twitter:label1\" content=\"Dur\u00e9e de lecture estim\u00e9e\" \/>\n\t<meta name=\"twitter:data1\" content=\"11 minutes\" \/>\n<script type=\"application\/ld+json\" class=\"yoast-schema-graph\">{\"@context\":\"https:\/\/schema.org\",\"@graph\":[{\"@type\":\"WebPage\",\"@id\":\"https:\/\/lenidioma.es\/fr\/politique-de-confidentialite\/\",\"url\":\"https:\/\/lenidioma.es\/fr\/politique-de-confidentialite\/\",\"name\":\"Politique de Confidentialit\u00e9 - Lenidioma \ud83e\udde1\",\"isPartOf\":{\"@id\":\"https:\/\/lenidioma.es\/fr\/#website\"},\"datePublished\":\"2023-06-18T05:26:00+00:00\",\"dateModified\":\"2023-09-17T11:30:13+00:00\",\"breadcrumb\":{\"@id\":\"https:\/\/lenidioma.es\/fr\/politique-de-confidentialite\/#breadcrumb\"},\"inLanguage\":\"fr-FR\",\"potentialAction\":[{\"@type\":\"ReadAction\",\"target\":[\"https:\/\/lenidioma.es\/fr\/politique-de-confidentialite\/\"]}]},{\"@type\":\"BreadcrumbList\",\"@id\":\"https:\/\/lenidioma.es\/fr\/politique-de-confidentialite\/#breadcrumb\",\"itemListElement\":[{\"@type\":\"ListItem\",\"position\":1,\"name\":\"Home\",\"item\":\"https:\/\/lenidioma.es\/fr\/\"},{\"@type\":\"ListItem\",\"position\":2,\"name\":\"Politique de Confidentialit\u00e9\"}]},{\"@type\":\"WebSite\",\"@id\":\"https:\/\/lenidioma.es\/fr\/#website\",\"url\":\"https:\/\/lenidioma.es\/fr\/\",\"name\":\"Lenidioma \ud83e\udde1\",\"description\":\"Language is our nature\",\"potentialAction\":[{\"@type\":\"SearchAction\",\"target\":{\"@type\":\"EntryPoint\",\"urlTemplate\":\"https:\/\/lenidioma.es\/fr\/?s={search_term_string}\"},\"query-input\":{\"@type\":\"PropertyValueSpecification\",\"valueRequired\":true,\"valueName\":\"search_term_string\"}}],\"inLanguage\":\"fr-FR\"}]}<\/script>\n<!-- \/ Yoast SEO plugin. -->","yoast_head_json":{"title":"Politique de Confidentialit\u00e9 - Lenidioma \ud83e\udde1","robots":{"index":"index","follow":"follow","max-snippet":"max-snippet:-1","max-image-preview":"max-image-preview:large","max-video-preview":"max-video-preview:-1"},"canonical":"https:\/\/lenidioma.es\/fr\/politique-de-confidentialite\/","og_locale":"fr_FR","og_type":"article","og_title":"Politique de Confidentialit\u00e9 - Lenidioma \ud83e\udde1","og_url":"https:\/\/lenidioma.es\/fr\/politique-de-confidentialite\/","og_site_name":"Lenidioma \ud83e\udde1","article_publisher":"https:\/\/www.facebook.com\/lenidioma","article_modified_time":"2023-09-17T11:30:13+00:00","twitter_card":"summary_large_image","twitter_misc":{"Dur\u00e9e de lecture estim\u00e9e":"11 minutes"},"schema":{"@context":"https:\/\/schema.org","@graph":[{"@type":"WebPage","@id":"https:\/\/lenidioma.es\/fr\/politique-de-confidentialite\/","url":"https:\/\/lenidioma.es\/fr\/politique-de-confidentialite\/","name":"Politique de Confidentialit\u00e9 - Lenidioma \ud83e\udde1","isPartOf":{"@id":"https:\/\/lenidioma.es\/fr\/#website"},"datePublished":"2023-06-18T05:26:00+00:00","dateModified":"2023-09-17T11:30:13+00:00","breadcrumb":{"@id":"https:\/\/lenidioma.es\/fr\/politique-de-confidentialite\/#breadcrumb"},"inLanguage":"fr-FR","potentialAction":[{"@type":"ReadAction","target":["https:\/\/lenidioma.es\/fr\/politique-de-confidentialite\/"]}]},{"@type":"BreadcrumbList","@id":"https:\/\/lenidioma.es\/fr\/politique-de-confidentialite\/#breadcrumb","itemListElement":[{"@type":"ListItem","position":1,"name":"Home","item":"https:\/\/lenidioma.es\/fr\/"},{"@type":"ListItem","position":2,"name":"Politique de Confidentialit\u00e9"}]},{"@type":"WebSite","@id":"https:\/\/lenidioma.es\/fr\/#website","url":"https:\/\/lenidioma.es\/fr\/","name":"Lenidioma \ud83e\udde1","description":"Language is our nature","potentialAction":[{"@type":"SearchAction","target":{"@type":"EntryPoint","urlTemplate":"https:\/\/lenidioma.es\/fr\/?s={search_term_string}"},"query-input":{"@type":"PropertyValueSpecification","valueRequired":true,"valueName":"search_term_string"}}],"inLanguage":"fr-FR"}]}},"_links":{"self":[{"href":"https:\/\/lenidioma.es\/fr\/wp-json\/wp\/v2\/pages\/1112","targetHints":{"allow":["GET"]}}],"collection":[{"href":"https:\/\/lenidioma.es\/fr\/wp-json\/wp\/v2\/pages"}],"about":[{"href":"https:\/\/lenidioma.es\/fr\/wp-json\/wp\/v2\/types\/page"}],"author":[{"embeddable":true,"href":"https:\/\/lenidioma.es\/fr\/wp-json\/wp\/v2\/users\/2"}],"replies":[{"embeddable":true,"href":"https:\/\/lenidioma.es\/fr\/wp-json\/wp\/v2\/comments?post=1112"}],"version-history":[{"count":7,"href":"https:\/\/lenidioma.es\/fr\/wp-json\/wp\/v2\/pages\/1112\/revisions"}],"predecessor-version":[{"id":1470,"href":"https:\/\/lenidioma.es\/fr\/wp-json\/wp\/v2\/pages\/1112\/revisions\/1470"}],"wp:attachment":[{"href":"https:\/\/lenidioma.es\/fr\/wp-json\/wp\/v2\/media?parent=1112"}],"curies":[{"name":"wp","href":"https:\/\/api.w.org\/{rel}","templated":true}]}}