{"id":1453,"date":"2023-09-17T10:33:47","date_gmt":"2023-09-17T08:33:47","guid":{"rendered":"https:\/\/lenidioma.es\/impressum\/"},"modified":"2023-09-18T08:44:19","modified_gmt":"2023-09-18T06:44:19","slug":"impressum","status":"publish","type":"page","link":"https:\/\/lenidioma.es\/de\/impressum\/","title":{"rendered":"Impressum"},"content":{"rendered":"<section class=\"l-section wpb_row height_medium\"><div class=\"l-section-h i-cf\"><div class=\"g-cols vc_row via_flex valign_top type_default stacking_default\"><div class=\"vc_col-sm-12 wpb_column vc_column_container\"><div class=\"vc_column-inner\"><div class=\"wpb_wrapper\"><h1 class=\"w-post-elm post_title entry-title color_link_inherit\">Impressum<\/h1><\/div><\/div><\/div><\/div><\/div><\/section><section class=\"l-section wpb_row height_small\"><div class=\"l-section-h i-cf\"><div class=\"g-cols vc_row via_flex valign_top type_default stacking_default\"><div class=\"vc_col-sm-12 wpb_column vc_column_container\"><div class=\"vc_column-inner\"><div class=\"wpb_wrapper\"><div class=\"wpb_text_column\"><div class=\"wpb_wrapper\"><p>In Erf\u00fcllung der Informationspflicht gem\u00e4\u00df Artikel 10 des Gesetzes 34\/2002 vom 11. Juli \u00fcber die Dienste der Informationsgesellschaft und den elektronischen Handel (LSSICE) informiert dich der Inhaber der Website \u00fcber Folgendes:<\/p>\n<ul>\n<li>Firmenname: Magdalena Mar\u00eda Sureda Ferragut<\/li>\n<li>Steuernummer: 18224968K<\/li>\n<li>Adresse: Cam\u00ed de Sa Vall, Pol. 27, Parcela 110, 07500 &#8211; Manacor (Illes Balears)<\/li>\n<\/ul>\n<p>Im Rahmen der gesetzlichen Bestimmungen \u00fcbernimmt Magdalena Mar\u00eda Sureda Ferragut keine Haftung f\u00fcr die Richtigkeit, Vollst\u00e4ndigkeit, Aktualisierung und Genauigkeit der auf ihrer Website enthaltenen Daten und Informationen.<\/p>\n<p>Die Inhalte und Informationen binden Magdalena Mar\u00eda Sureda Ferragut nicht, noch stellen sie Meinungen, Ratschl\u00e4ge oder Rechtsberatung jeglicher Art dar, da es sich lediglich um einen Service handelt, der zu Informations- und Aufkl\u00e4rungszwecken angeboten wird. Die Internet-Seiten von Magdalena Mar\u00eda Sureda Ferragut k\u00f6nnen Links zu anderen Seiten Dritter enthalten, auf die Magdalena Mar\u00eda Sureda Ferragut keinen Einfluss hat. Daher kann Magdalena Mar\u00eda Sureda Ferragut keine Verantwortung f\u00fcr die Inhalte \u00fcbernehmen, die auf den Seiten Dritter erscheinen k\u00f6nnen.<\/p>\n<p>Die Texte, Bilder, Sounds, Animationen, Software und andere Inhalte dieser Website sind ausschlie\u00dfliches Eigentum von Magdalena Mar\u00eda Sureda Ferragut oder ihrer Lizenzgeber. Jegliche \u00dcbertragung, Verteilung, Weitergabe, Vervielf\u00e4ltigung, Speicherung oder vollst\u00e4ndige oder teilweise \u00f6ffentliche Bekanntmachung bedarf der ausdr\u00fccklichen Zustimmung von Magdalena Mar\u00eda Sureda Ferragut. Um Zugang zu einigen der von Magdalena Mar\u00eda Sureda Ferragut \u00fcber die Website angebotenen Dienstleistungen zu erhalten, musst du ebenfalls einige pers\u00f6nliche Daten angeben.<\/p>\n<p>In \u00dcbereinstimmung mit den Bestimmungen der Verordnung (EU) 2016\/679 des Europ\u00e4ischen Parlaments und des Rates vom 27. April 2016 zum Schutz nat\u00fcrlicher Personen bei der Verarbeitung personenbezogener Daten und zum freien Datenverkehr informieren wir dich dar\u00fcber, dass durch das Ausf\u00fcllen dieser Formulare deine personenbezogenen Daten in die Dateien von Magdalena Mar\u00eda Sureda Ferragut aufgenommen und verarbeitet werden, um dir unsere Dienstleistungen anzubieten und dich \u00fcber Verbesserungen der Website zu informieren.<\/p>\n<p>Wir informieren dich auch dar\u00fcber, dass du jederzeit die M\u00f6glichkeit haben, deine Rechte auf Zugang, Berichtigung, L\u00f6schung, Widerspruch, Einschr\u00e4nkung und \u00dcbertragbarkeit Ihrer pers\u00f6nlichen Daten auszu\u00fcben, und zwar kostenlos per E-Mail an: info@lenidioma.es oder an die Adresse: Cam\u00ed de Sa Vall, Pol. 27, Parcela 110, 07500 &#8211; Manacor (Illes Balears).<\/p>\n<\/div><\/div><\/div><\/div><\/div><\/div><\/div><\/section>\n","protected":false},"excerpt":{"rendered":"ImpressumIn Erf\u00fcllung der Informationspflicht gem\u00e4\u00df Artikel 10 des Gesetzes 34\/2002 vom 11. Juli \u00fcber die Dienste der Informationsgesellschaft und den elektronischen Handel (LSSICE) informiert dich der Inhaber der Website \u00fcber Folgendes: Firmenname: Magdalena Mar\u00eda Sureda Ferragut Steuernummer: 18224968K Adresse: Cam\u00ed de Sa Vall, Pol. 27, Parcela 110, 07500 &#8211; Manacor (Illes Balears) Im Rahmen der...","protected":false},"author":2,"featured_media":0,"parent":0,"menu_order":0,"comment_status":"closed","ping_status":"closed","template":"","meta":{"_acf_changed":false,"footnotes":""},"class_list":["post-1453","page","type-page","status-publish","hentry"],"acf":[],"yoast_head":"<!-- This site is optimized with the Yoast SEO plugin v26.8 - https:\/\/yoast.com\/product\/yoast-seo-wordpress\/ -->\n<title>Impressum - Lenidioma \ud83e\udde1<\/title>\n<meta name=\"robots\" content=\"index, follow, max-snippet:-1, max-image-preview:large, max-video-preview:-1\" \/>\n<link rel=\"canonical\" href=\"https:\/\/lenidioma.es\/de\/impressum\/\" \/>\n<meta property=\"og:locale\" content=\"de_DE\" \/>\n<meta property=\"og:type\" content=\"article\" \/>\n<meta property=\"og:title\" content=\"Impressum - Lenidioma \ud83e\udde1\" \/>\n<meta property=\"og:url\" content=\"https:\/\/lenidioma.es\/de\/impressum\/\" \/>\n<meta property=\"og:site_name\" content=\"Lenidioma \ud83e\udde1\" \/>\n<meta property=\"article:publisher\" content=\"https:\/\/www.facebook.com\/lenidioma\" \/>\n<meta property=\"article:modified_time\" content=\"2023-09-18T06:44:19+00:00\" \/>\n<meta name=\"twitter:card\" content=\"summary_large_image\" \/>\n<meta name=\"twitter:label1\" content=\"Gesch\u00e4tzte Lesezeit\" \/>\n\t<meta name=\"twitter:data1\" content=\"2\u00a0Minuten\" \/>\n<script type=\"application\/ld+json\" class=\"yoast-schema-graph\">{\"@context\":\"https:\/\/schema.org\",\"@graph\":[{\"@type\":\"WebPage\",\"@id\":\"https:\/\/lenidioma.es\/de\/impressum\/\",\"url\":\"https:\/\/lenidioma.es\/de\/impressum\/\",\"name\":\"Impressum - Lenidioma \ud83e\udde1\",\"isPartOf\":{\"@id\":\"https:\/\/lenidioma.es\/de\/#website\"},\"datePublished\":\"2023-09-17T08:33:47+00:00\",\"dateModified\":\"2023-09-18T06:44:19+00:00\",\"breadcrumb\":{\"@id\":\"https:\/\/lenidioma.es\/de\/impressum\/#breadcrumb\"},\"inLanguage\":\"de\",\"potentialAction\":[{\"@type\":\"ReadAction\",\"target\":[\"https:\/\/lenidioma.es\/de\/impressum\/\"]}]},{\"@type\":\"BreadcrumbList\",\"@id\":\"https:\/\/lenidioma.es\/de\/impressum\/#breadcrumb\",\"itemListElement\":[{\"@type\":\"ListItem\",\"position\":1,\"name\":\"Home\",\"item\":\"https:\/\/lenidioma.es\/de\/\"},{\"@type\":\"ListItem\",\"position\":2,\"name\":\"Impressum\"}]},{\"@type\":\"WebSite\",\"@id\":\"https:\/\/lenidioma.es\/de\/#website\",\"url\":\"https:\/\/lenidioma.es\/de\/\",\"name\":\"Lenidioma \ud83e\udde1\",\"description\":\"Language is our nature\",\"potentialAction\":[{\"@type\":\"SearchAction\",\"target\":{\"@type\":\"EntryPoint\",\"urlTemplate\":\"https:\/\/lenidioma.es\/de\/?s={search_term_string}\"},\"query-input\":{\"@type\":\"PropertyValueSpecification\",\"valueRequired\":true,\"valueName\":\"search_term_string\"}}],\"inLanguage\":\"de\"}]}<\/script>\n<!-- \/ Yoast SEO plugin. -->","yoast_head_json":{"title":"Impressum - Lenidioma \ud83e\udde1","robots":{"index":"index","follow":"follow","max-snippet":"max-snippet:-1","max-image-preview":"max-image-preview:large","max-video-preview":"max-video-preview:-1"},"canonical":"https:\/\/lenidioma.es\/de\/impressum\/","og_locale":"de_DE","og_type":"article","og_title":"Impressum - Lenidioma \ud83e\udde1","og_url":"https:\/\/lenidioma.es\/de\/impressum\/","og_site_name":"Lenidioma \ud83e\udde1","article_publisher":"https:\/\/www.facebook.com\/lenidioma","article_modified_time":"2023-09-18T06:44:19+00:00","twitter_card":"summary_large_image","twitter_misc":{"Gesch\u00e4tzte Lesezeit":"2\u00a0Minuten"},"schema":{"@context":"https:\/\/schema.org","@graph":[{"@type":"WebPage","@id":"https:\/\/lenidioma.es\/de\/impressum\/","url":"https:\/\/lenidioma.es\/de\/impressum\/","name":"Impressum - Lenidioma \ud83e\udde1","isPartOf":{"@id":"https:\/\/lenidioma.es\/de\/#website"},"datePublished":"2023-09-17T08:33:47+00:00","dateModified":"2023-09-18T06:44:19+00:00","breadcrumb":{"@id":"https:\/\/lenidioma.es\/de\/impressum\/#breadcrumb"},"inLanguage":"de","potentialAction":[{"@type":"ReadAction","target":["https:\/\/lenidioma.es\/de\/impressum\/"]}]},{"@type":"BreadcrumbList","@id":"https:\/\/lenidioma.es\/de\/impressum\/#breadcrumb","itemListElement":[{"@type":"ListItem","position":1,"name":"Home","item":"https:\/\/lenidioma.es\/de\/"},{"@type":"ListItem","position":2,"name":"Impressum"}]},{"@type":"WebSite","@id":"https:\/\/lenidioma.es\/de\/#website","url":"https:\/\/lenidioma.es\/de\/","name":"Lenidioma \ud83e\udde1","description":"Language is our nature","potentialAction":[{"@type":"SearchAction","target":{"@type":"EntryPoint","urlTemplate":"https:\/\/lenidioma.es\/de\/?s={search_term_string}"},"query-input":{"@type":"PropertyValueSpecification","valueRequired":true,"valueName":"search_term_string"}}],"inLanguage":"de"}]}},"_links":{"self":[{"href":"https:\/\/lenidioma.es\/de\/wp-json\/wp\/v2\/pages\/1453","targetHints":{"allow":["GET"]}}],"collection":[{"href":"https:\/\/lenidioma.es\/de\/wp-json\/wp\/v2\/pages"}],"about":[{"href":"https:\/\/lenidioma.es\/de\/wp-json\/wp\/v2\/types\/page"}],"author":[{"embeddable":true,"href":"https:\/\/lenidioma.es\/de\/wp-json\/wp\/v2\/users\/2"}],"replies":[{"embeddable":true,"href":"https:\/\/lenidioma.es\/de\/wp-json\/wp\/v2\/comments?post=1453"}],"version-history":[{"count":3,"href":"https:\/\/lenidioma.es\/de\/wp-json\/wp\/v2\/pages\/1453\/revisions"}],"predecessor-version":[{"id":1537,"href":"https:\/\/lenidioma.es\/de\/wp-json\/wp\/v2\/pages\/1453\/revisions\/1537"}],"wp:attachment":[{"href":"https:\/\/lenidioma.es\/de\/wp-json\/wp\/v2\/media?parent=1453"}],"curies":[{"name":"wp","href":"https:\/\/api.w.org\/{rel}","templated":true}]}}